{"id":1954,"date":"2022-08-29T18:21:38","date_gmt":"2022-08-29T21:21:38","guid":{"rendered":"https:\/\/mgpindustrial.cl\/tienda\/?post_type=product&#038;p=1954"},"modified":"2024-04-08T15:02:19","modified_gmt":"2024-04-08T18:02:19","slug":"guante-procedimiento","status":"publish","type":"product","link":"https:\/\/mgpindustrial.cl\/tienda\/product\/guante-procedimiento\/","title":{"rendered":"Guante Latex"},"content":{"rendered":"<p>Guante Quir\u00fargicos color blanco de f\u00e1cil identificaci\u00f3n, dise\u00f1ado para ser utilizados en centros de salud con el objetivo de prevenir la propagaci\u00f3n de microbios<\/p>\n","protected":false},"excerpt":{"rendered":"<p>Guante Quirurgicos<\/p>\n","protected":false},"featured_media":1979,"template":"","meta":{"ngg_post_thumbnail":0,"_joinchat":[]},"product_brand":[],"product_cat":[74,42],"product_tag":[],"class_list":{"0":"post-1954","1":"product","2":"type-product","3":"status-publish","4":"has-post-thumbnail","6":"product_cat-guantes","7":"product_cat-linea-hogar","8":"pa_talla-l","9":"pa_talla-m","10":"pa_talla-s","12":"first","13":"instock","14":"taxable","15":"shipping-taxable","16":"product-type-variable"},"yoast_head":"<!-- This site is optimized with the Yoast SEO plugin v25.1 - https:\/\/yoast.com\/wordpress\/plugins\/seo\/ -->\n<title>Guante Latex - MGP Industrial<\/title>\n<meta name=\"robots\" content=\"index, follow, max-snippet:-1, max-image-preview:large, max-video-preview:-1\" \/>\n<link rel=\"canonical\" href=\"https:\/\/mgpindustrial.cl\/tienda\/product\/guante-procedimiento\/\" \/>\n<meta property=\"og:locale\" content=\"es_ES\" \/>\n<meta property=\"og:type\" content=\"article\" \/>\n<meta property=\"og:title\" content=\"Guante Latex - MGP Industrial\" \/>\n<meta property=\"og:description\" content=\"Guante Quirurgicos\" \/>\n<meta property=\"og:url\" content=\"https:\/\/mgpindustrial.cl\/tienda\/product\/guante-procedimiento\/\" \/>\n<meta property=\"og:site_name\" content=\"MGP Industrial\" \/>\n<meta property=\"article:modified_time\" content=\"2024-04-08T18:02:19+00:00\" \/>\n<meta property=\"og:image\" content=\"https:\/\/mgpindustrial.cl\/tienda\/wp-content\/uploads\/2022\/08\/guante-latex.jpg\" \/>\n\t<meta property=\"og:image:width\" content=\"1080\" \/>\n\t<meta property=\"og:image:height\" content=\"1080\" \/>\n\t<meta property=\"og:image:type\" content=\"image\/jpeg\" \/>\n<meta name=\"twitter:card\" content=\"summary_large_image\" \/>\n<meta name=\"twitter:label1\" content=\"Tiempo estimado de lectura\" \/>\n\t<meta name=\"twitter:data1\" content=\"1 minuto\" \/>\n<script type=\"application\/ld+json\" class=\"yoast-schema-graph\">{\"@context\":\"https:\/\/schema.org\",\"@graph\":[{\"@type\":\"WebPage\",\"@id\":\"https:\/\/mgpindustrial.cl\/tienda\/product\/guante-procedimiento\/\",\"url\":\"https:\/\/mgpindustrial.cl\/tienda\/product\/guante-procedimiento\/\",\"name\":\"Guante Latex - MGP Industrial\",\"isPartOf\":{\"@id\":\"https:\/\/mgpindustrial.cl\/tienda\/#website\"},\"primaryImageOfPage\":{\"@id\":\"https:\/\/mgpindustrial.cl\/tienda\/product\/guante-procedimiento\/#primaryimage\"},\"image\":{\"@id\":\"https:\/\/mgpindustrial.cl\/tienda\/product\/guante-procedimiento\/#primaryimage\"},\"thumbnailUrl\":\"https:\/\/mgpindustrial.cl\/tienda\/wp-content\/uploads\/2022\/08\/guante-latex.jpg\",\"datePublished\":\"2022-08-29T21:21:38+00:00\",\"dateModified\":\"2024-04-08T18:02:19+00:00\",\"breadcrumb\":{\"@id\":\"https:\/\/mgpindustrial.cl\/tienda\/product\/guante-procedimiento\/#breadcrumb\"},\"inLanguage\":\"es-CL\",\"potentialAction\":[{\"@type\":\"ReadAction\",\"target\":[\"https:\/\/mgpindustrial.cl\/tienda\/product\/guante-procedimiento\/\"]}]},{\"@type\":\"ImageObject\",\"inLanguage\":\"es-CL\",\"@id\":\"https:\/\/mgpindustrial.cl\/tienda\/product\/guante-procedimiento\/#primaryimage\",\"url\":\"https:\/\/mgpindustrial.cl\/tienda\/wp-content\/uploads\/2022\/08\/guante-latex.jpg\",\"contentUrl\":\"https:\/\/mgpindustrial.cl\/tienda\/wp-content\/uploads\/2022\/08\/guante-latex.jpg\",\"width\":1080,\"height\":1080},{\"@type\":\"BreadcrumbList\",\"@id\":\"https:\/\/mgpindustrial.cl\/tienda\/product\/guante-procedimiento\/#breadcrumb\",\"itemListElement\":[{\"@type\":\"ListItem\",\"position\":1,\"name\":\"Home\",\"item\":\"https:\/\/mgpindustrial.cl\/tienda\/\"},{\"@type\":\"ListItem\",\"position\":2,\"name\":\"Tienda\",\"item\":\"https:\/\/mgpindustrial.cl\/tienda\/shop-3\/\"},{\"@type\":\"ListItem\",\"position\":3,\"name\":\"Guante Latex\"}]},{\"@type\":\"WebSite\",\"@id\":\"https:\/\/mgpindustrial.cl\/tienda\/#website\",\"url\":\"https:\/\/mgpindustrial.cl\/tienda\/\",\"name\":\"MGP Industrial\",\"description\":\"Venta de insumos de aseo industrial y hogar\",\"potentialAction\":[{\"@type\":\"SearchAction\",\"target\":{\"@type\":\"EntryPoint\",\"urlTemplate\":\"https:\/\/mgpindustrial.cl\/tienda\/?s={search_term_string}\"},\"query-input\":{\"@type\":\"PropertyValueSpecification\",\"valueRequired\":true,\"valueName\":\"search_term_string\"}}],\"inLanguage\":\"es-CL\"}]}<\/script>\n<!-- \/ Yoast SEO plugin. -->","yoast_head_json":{"title":"Guante Latex - MGP Industrial","robots":{"index":"index","follow":"follow","max-snippet":"max-snippet:-1","max-image-preview":"max-image-preview:large","max-video-preview":"max-video-preview:-1"},"canonical":"https:\/\/mgpindustrial.cl\/tienda\/product\/guante-procedimiento\/","og_locale":"es_ES","og_type":"article","og_title":"Guante Latex - MGP Industrial","og_description":"Guante Quirurgicos","og_url":"https:\/\/mgpindustrial.cl\/tienda\/product\/guante-procedimiento\/","og_site_name":"MGP Industrial","article_modified_time":"2024-04-08T18:02:19+00:00","og_image":[{"width":1080,"height":1080,"url":"https:\/\/mgpindustrial.cl\/tienda\/wp-content\/uploads\/2022\/08\/guante-latex.jpg","type":"image\/jpeg"}],"twitter_card":"summary_large_image","twitter_misc":{"Tiempo estimado de lectura":"1 minuto"},"schema":{"@context":"https:\/\/schema.org","@graph":[{"@type":"WebPage","@id":"https:\/\/mgpindustrial.cl\/tienda\/product\/guante-procedimiento\/","url":"https:\/\/mgpindustrial.cl\/tienda\/product\/guante-procedimiento\/","name":"Guante Latex - MGP Industrial","isPartOf":{"@id":"https:\/\/mgpindustrial.cl\/tienda\/#website"},"primaryImageOfPage":{"@id":"https:\/\/mgpindustrial.cl\/tienda\/product\/guante-procedimiento\/#primaryimage"},"image":{"@id":"https:\/\/mgpindustrial.cl\/tienda\/product\/guante-procedimiento\/#primaryimage"},"thumbnailUrl":"https:\/\/mgpindustrial.cl\/tienda\/wp-content\/uploads\/2022\/08\/guante-latex.jpg","datePublished":"2022-08-29T21:21:38+00:00","dateModified":"2024-04-08T18:02:19+00:00","breadcrumb":{"@id":"https:\/\/mgpindustrial.cl\/tienda\/product\/guante-procedimiento\/#breadcrumb"},"inLanguage":"es-CL","potentialAction":[{"@type":"ReadAction","target":["https:\/\/mgpindustrial.cl\/tienda\/product\/guante-procedimiento\/"]}]},{"@type":"ImageObject","inLanguage":"es-CL","@id":"https:\/\/mgpindustrial.cl\/tienda\/product\/guante-procedimiento\/#primaryimage","url":"https:\/\/mgpindustrial.cl\/tienda\/wp-content\/uploads\/2022\/08\/guante-latex.jpg","contentUrl":"https:\/\/mgpindustrial.cl\/tienda\/wp-content\/uploads\/2022\/08\/guante-latex.jpg","width":1080,"height":1080},{"@type":"BreadcrumbList","@id":"https:\/\/mgpindustrial.cl\/tienda\/product\/guante-procedimiento\/#breadcrumb","itemListElement":[{"@type":"ListItem","position":1,"name":"Home","item":"https:\/\/mgpindustrial.cl\/tienda\/"},{"@type":"ListItem","position":2,"name":"Tienda","item":"https:\/\/mgpindustrial.cl\/tienda\/shop-3\/"},{"@type":"ListItem","position":3,"name":"Guante Latex"}]},{"@type":"WebSite","@id":"https:\/\/mgpindustrial.cl\/tienda\/#website","url":"https:\/\/mgpindustrial.cl\/tienda\/","name":"MGP Industrial","description":"Venta de insumos de aseo industrial y hogar","potentialAction":[{"@type":"SearchAction","target":{"@type":"EntryPoint","urlTemplate":"https:\/\/mgpindustrial.cl\/tienda\/?s={search_term_string}"},"query-input":{"@type":"PropertyValueSpecification","valueRequired":true,"valueName":"search_term_string"}}],"inLanguage":"es-CL"}]}},"tiered_pricing_type":"fixed","tiered_pricing_fixed_rules":[],"tiered_pricing_product_settings":{"layout":"default","base_unit_name":{"singular":null,"plural":null},"default_variation":null},"tiered_pricing_minimum_quantity":null,"tiered_pricing_roles_data":[],"tiered_pricing_percentage_rules":[],"_links":{"self":[{"href":"https:\/\/mgpindustrial.cl\/tienda\/wp-json\/wp\/v2\/product\/1954","targetHints":{"allow":["GET"]}}],"collection":[{"href":"https:\/\/mgpindustrial.cl\/tienda\/wp-json\/wp\/v2\/product"}],"about":[{"href":"https:\/\/mgpindustrial.cl\/tienda\/wp-json\/wp\/v2\/types\/product"}],"wp:featuredmedia":[{"embeddable":true,"href":"https:\/\/mgpindustrial.cl\/tienda\/wp-json\/wp\/v2\/media\/1979"}],"wp:attachment":[{"href":"https:\/\/mgpindustrial.cl\/tienda\/wp-json\/wp\/v2\/media?parent=1954"}],"wp:term":[{"taxonomy":"product_brand","embeddable":true,"href":"https:\/\/mgpindustrial.cl\/tienda\/wp-json\/wp\/v2\/product_brand?post=1954"},{"taxonomy":"product_cat","embeddable":true,"href":"https:\/\/mgpindustrial.cl\/tienda\/wp-json\/wp\/v2\/product_cat?post=1954"},{"taxonomy":"product_tag","embeddable":true,"href":"https:\/\/mgpindustrial.cl\/tienda\/wp-json\/wp\/v2\/product_tag?post=1954"}],"curies":[{"name":"wp","href":"https:\/\/api.w.org\/{rel}","templated":true}]}}