{"id":1910,"date":"2022-08-24T16:13:51","date_gmt":"2022-08-24T19:13:51","guid":{"rendered":"https:\/\/mgpindustrial.cl\/tienda\/?post_type=product&#038;p=1910"},"modified":"2024-01-17T17:12:00","modified_gmt":"2024-01-17T20:12:00","slug":"guante-domestico","status":"publish","type":"product","link":"https:\/\/mgpindustrial.cl\/tienda\/product\/guante-domestico\/","title":{"rendered":"Guante domestico"},"content":{"rendered":"<p>Guante de L\u00e1tex de prop\u00f3sito multiuso. Resistente a la manipulaci\u00f3n de los productos generales en el hogar. Textura antideslizante<\/p>\n","protected":false},"excerpt":{"rendered":"<p>Guante Domestico<\/p>\n","protected":false},"featured_media":1923,"template":"","meta":{"ngg_post_thumbnail":0,"_joinchat":[]},"product_brand":[],"product_cat":[74,42],"product_tag":[],"class_list":{"0":"post-1910","1":"product","2":"type-product","3":"status-publish","4":"has-post-thumbnail","6":"product_cat-guantes","7":"product_cat-linea-hogar","8":"pa_talla-l","9":"pa_talla-m","10":"pa_talla-s","11":"pa_talla-xl","13":"first","14":"instock","15":"taxable","16":"shipping-taxable","17":"product-type-variable"},"yoast_head":"<!-- This site is optimized with the Yoast SEO plugin v25.1 - https:\/\/yoast.com\/wordpress\/plugins\/seo\/ -->\n<title>Guante domestico - MGP Industrial<\/title>\n<meta name=\"robots\" content=\"index, follow, max-snippet:-1, max-image-preview:large, max-video-preview:-1\" \/>\n<link rel=\"canonical\" href=\"https:\/\/mgpindustrial.cl\/tienda\/product\/guante-domestico\/\" \/>\n<meta property=\"og:locale\" content=\"es_ES\" \/>\n<meta property=\"og:type\" content=\"article\" \/>\n<meta property=\"og:title\" content=\"Guante domestico - MGP Industrial\" \/>\n<meta property=\"og:description\" content=\"Guante Domestico\" \/>\n<meta property=\"og:url\" content=\"https:\/\/mgpindustrial.cl\/tienda\/product\/guante-domestico\/\" \/>\n<meta property=\"og:site_name\" content=\"MGP Industrial\" \/>\n<meta property=\"article:modified_time\" content=\"2024-01-17T20:12:00+00:00\" \/>\n<meta property=\"og:image\" content=\"https:\/\/mgpindustrial.cl\/tienda\/wp-content\/uploads\/2022\/08\/GUAND001.jpg\" \/>\n\t<meta property=\"og:image:width\" content=\"1080\" \/>\n\t<meta property=\"og:image:height\" content=\"1080\" \/>\n\t<meta property=\"og:image:type\" content=\"image\/jpeg\" \/>\n<meta name=\"twitter:card\" content=\"summary_large_image\" \/>\n<meta name=\"twitter:label1\" content=\"Tiempo estimado de lectura\" \/>\n\t<meta name=\"twitter:data1\" content=\"1 minuto\" \/>\n<script type=\"application\/ld+json\" class=\"yoast-schema-graph\">{\"@context\":\"https:\/\/schema.org\",\"@graph\":[{\"@type\":\"WebPage\",\"@id\":\"https:\/\/mgpindustrial.cl\/tienda\/product\/guante-domestico\/\",\"url\":\"https:\/\/mgpindustrial.cl\/tienda\/product\/guante-domestico\/\",\"name\":\"Guante domestico - MGP Industrial\",\"isPartOf\":{\"@id\":\"https:\/\/mgpindustrial.cl\/tienda\/#website\"},\"primaryImageOfPage\":{\"@id\":\"https:\/\/mgpindustrial.cl\/tienda\/product\/guante-domestico\/#primaryimage\"},\"image\":{\"@id\":\"https:\/\/mgpindustrial.cl\/tienda\/product\/guante-domestico\/#primaryimage\"},\"thumbnailUrl\":\"https:\/\/mgpindustrial.cl\/tienda\/wp-content\/uploads\/2022\/08\/GUAND001.jpg\",\"datePublished\":\"2022-08-24T19:13:51+00:00\",\"dateModified\":\"2024-01-17T20:12:00+00:00\",\"breadcrumb\":{\"@id\":\"https:\/\/mgpindustrial.cl\/tienda\/product\/guante-domestico\/#breadcrumb\"},\"inLanguage\":\"es-CL\",\"potentialAction\":[{\"@type\":\"ReadAction\",\"target\":[\"https:\/\/mgpindustrial.cl\/tienda\/product\/guante-domestico\/\"]}]},{\"@type\":\"ImageObject\",\"inLanguage\":\"es-CL\",\"@id\":\"https:\/\/mgpindustrial.cl\/tienda\/product\/guante-domestico\/#primaryimage\",\"url\":\"https:\/\/mgpindustrial.cl\/tienda\/wp-content\/uploads\/2022\/08\/GUAND001.jpg\",\"contentUrl\":\"https:\/\/mgpindustrial.cl\/tienda\/wp-content\/uploads\/2022\/08\/GUAND001.jpg\",\"width\":1080,\"height\":1080,\"caption\":\"MGP INSUMOS DE ASEO INDUSTRIAL FOTOGRAFIAS DE PRODUCTOS ECOMMERCE (Foto de Jos\u00e9 Luis P\u00e9rez \u2013 Astrosport)\"},{\"@type\":\"BreadcrumbList\",\"@id\":\"https:\/\/mgpindustrial.cl\/tienda\/product\/guante-domestico\/#breadcrumb\",\"itemListElement\":[{\"@type\":\"ListItem\",\"position\":1,\"name\":\"Home\",\"item\":\"https:\/\/mgpindustrial.cl\/tienda\/\"},{\"@type\":\"ListItem\",\"position\":2,\"name\":\"Tienda\",\"item\":\"https:\/\/mgpindustrial.cl\/tienda\/shop-3\/\"},{\"@type\":\"ListItem\",\"position\":3,\"name\":\"Guante domestico\"}]},{\"@type\":\"WebSite\",\"@id\":\"https:\/\/mgpindustrial.cl\/tienda\/#website\",\"url\":\"https:\/\/mgpindustrial.cl\/tienda\/\",\"name\":\"MGP Industrial\",\"description\":\"Venta de insumos de aseo industrial y hogar\",\"potentialAction\":[{\"@type\":\"SearchAction\",\"target\":{\"@type\":\"EntryPoint\",\"urlTemplate\":\"https:\/\/mgpindustrial.cl\/tienda\/?s={search_term_string}\"},\"query-input\":{\"@type\":\"PropertyValueSpecification\",\"valueRequired\":true,\"valueName\":\"search_term_string\"}}],\"inLanguage\":\"es-CL\"}]}<\/script>\n<!-- \/ Yoast SEO plugin. -->","yoast_head_json":{"title":"Guante domestico - MGP Industrial","robots":{"index":"index","follow":"follow","max-snippet":"max-snippet:-1","max-image-preview":"max-image-preview:large","max-video-preview":"max-video-preview:-1"},"canonical":"https:\/\/mgpindustrial.cl\/tienda\/product\/guante-domestico\/","og_locale":"es_ES","og_type":"article","og_title":"Guante domestico - MGP Industrial","og_description":"Guante Domestico","og_url":"https:\/\/mgpindustrial.cl\/tienda\/product\/guante-domestico\/","og_site_name":"MGP Industrial","article_modified_time":"2024-01-17T20:12:00+00:00","og_image":[{"width":1080,"height":1080,"url":"https:\/\/mgpindustrial.cl\/tienda\/wp-content\/uploads\/2022\/08\/GUAND001.jpg","type":"image\/jpeg"}],"twitter_card":"summary_large_image","twitter_misc":{"Tiempo estimado de lectura":"1 minuto"},"schema":{"@context":"https:\/\/schema.org","@graph":[{"@type":"WebPage","@id":"https:\/\/mgpindustrial.cl\/tienda\/product\/guante-domestico\/","url":"https:\/\/mgpindustrial.cl\/tienda\/product\/guante-domestico\/","name":"Guante domestico - MGP Industrial","isPartOf":{"@id":"https:\/\/mgpindustrial.cl\/tienda\/#website"},"primaryImageOfPage":{"@id":"https:\/\/mgpindustrial.cl\/tienda\/product\/guante-domestico\/#primaryimage"},"image":{"@id":"https:\/\/mgpindustrial.cl\/tienda\/product\/guante-domestico\/#primaryimage"},"thumbnailUrl":"https:\/\/mgpindustrial.cl\/tienda\/wp-content\/uploads\/2022\/08\/GUAND001.jpg","datePublished":"2022-08-24T19:13:51+00:00","dateModified":"2024-01-17T20:12:00+00:00","breadcrumb":{"@id":"https:\/\/mgpindustrial.cl\/tienda\/product\/guante-domestico\/#breadcrumb"},"inLanguage":"es-CL","potentialAction":[{"@type":"ReadAction","target":["https:\/\/mgpindustrial.cl\/tienda\/product\/guante-domestico\/"]}]},{"@type":"ImageObject","inLanguage":"es-CL","@id":"https:\/\/mgpindustrial.cl\/tienda\/product\/guante-domestico\/#primaryimage","url":"https:\/\/mgpindustrial.cl\/tienda\/wp-content\/uploads\/2022\/08\/GUAND001.jpg","contentUrl":"https:\/\/mgpindustrial.cl\/tienda\/wp-content\/uploads\/2022\/08\/GUAND001.jpg","width":1080,"height":1080,"caption":"MGP INSUMOS DE ASEO INDUSTRIAL FOTOGRAFIAS DE PRODUCTOS ECOMMERCE (Foto de Jos\u00e9 Luis P\u00e9rez \u2013 Astrosport)"},{"@type":"BreadcrumbList","@id":"https:\/\/mgpindustrial.cl\/tienda\/product\/guante-domestico\/#breadcrumb","itemListElement":[{"@type":"ListItem","position":1,"name":"Home","item":"https:\/\/mgpindustrial.cl\/tienda\/"},{"@type":"ListItem","position":2,"name":"Tienda","item":"https:\/\/mgpindustrial.cl\/tienda\/shop-3\/"},{"@type":"ListItem","position":3,"name":"Guante domestico"}]},{"@type":"WebSite","@id":"https:\/\/mgpindustrial.cl\/tienda\/#website","url":"https:\/\/mgpindustrial.cl\/tienda\/","name":"MGP Industrial","description":"Venta de insumos de aseo industrial y hogar","potentialAction":[{"@type":"SearchAction","target":{"@type":"EntryPoint","urlTemplate":"https:\/\/mgpindustrial.cl\/tienda\/?s={search_term_string}"},"query-input":{"@type":"PropertyValueSpecification","valueRequired":true,"valueName":"search_term_string"}}],"inLanguage":"es-CL"}]}},"tiered_pricing_type":"fixed","tiered_pricing_fixed_rules":{"12":"615"},"tiered_pricing_product_settings":{"layout":"default","base_unit_name":{"singular":null,"plural":null},"default_variation":null},"tiered_pricing_minimum_quantity":null,"tiered_pricing_roles_data":[],"tiered_pricing_percentage_rules":[],"_links":{"self":[{"href":"https:\/\/mgpindustrial.cl\/tienda\/wp-json\/wp\/v2\/product\/1910","targetHints":{"allow":["GET"]}}],"collection":[{"href":"https:\/\/mgpindustrial.cl\/tienda\/wp-json\/wp\/v2\/product"}],"about":[{"href":"https:\/\/mgpindustrial.cl\/tienda\/wp-json\/wp\/v2\/types\/product"}],"wp:featuredmedia":[{"embeddable":true,"href":"https:\/\/mgpindustrial.cl\/tienda\/wp-json\/wp\/v2\/media\/1923"}],"wp:attachment":[{"href":"https:\/\/mgpindustrial.cl\/tienda\/wp-json\/wp\/v2\/media?parent=1910"}],"wp:term":[{"taxonomy":"product_brand","embeddable":true,"href":"https:\/\/mgpindustrial.cl\/tienda\/wp-json\/wp\/v2\/product_brand?post=1910"},{"taxonomy":"product_cat","embeddable":true,"href":"https:\/\/mgpindustrial.cl\/tienda\/wp-json\/wp\/v2\/product_cat?post=1910"},{"taxonomy":"product_tag","embeddable":true,"href":"https:\/\/mgpindustrial.cl\/tienda\/wp-json\/wp\/v2\/product_tag?post=1910"}],"curies":[{"name":"wp","href":"https:\/\/api.w.org\/{rel}","templated":true}]}}